{"id":67,"date":"2017-05-04T10:07:55","date_gmt":"2017-05-04T08:07:55","guid":{"rendered":"http:\/\/toituredeladrier.be\/?page_id=67"},"modified":"2024-03-06T17:33:10","modified_gmt":"2024-03-06T16:33:10","slug":"plus-de-15-ans-dexperience-dans-la-transformation-et-renovation-de-toiture-devis-gratuit-en-exclusivite-exclusif-12-ans-de-garantiepatron-sur-chantier-vous-etes-a-la-recherche-dun-en","status":"publish","type":"page","link":"https:\/\/toituredeladrier.be\/","title":{"rendered":"Accueil"},"content":{"rendered":"\n<div class=\"banner\">\n<div class=\"banner-content\">\n<h1><strong>La qualit\u00e9, notre priorit\u00e9 !<\/strong><br>15 ans de garantie<\/h1>\n<div class=\"banner-items\">\n<div class=\"actions\"><a class=\"button\" href=\"https:\/\/toituredeladrier.be\/index.php\/contact\/\"><strong>Devis gratuit<\/strong><\/a><\/div>\n<\/div>\n<\/div>\n<\/div>\n\n\n\n<section class=\"section-services\">\n<h2 style=\"text-align: center;\">Nos Services<\/h2>\n<div class=\"services\">\n<div class=\"services-item\"><img loading=\"lazy\" class=\"alignnone size-medium wp-image-443\" src=\"https:\/\/toituredeladrier.be\/wp-content\/uploads\/2018\/03\/icon-charpente-300x223.png\" alt=\"\" width=\"300\" height=\"223\" srcset=\"https:\/\/toituredeladrier.be\/wp-content\/uploads\/2018\/03\/icon-charpente-300x223.png 300w, https:\/\/toituredeladrier.be\/wp-content\/uploads\/2018\/03\/icon-charpente-768x570.png 768w, https:\/\/toituredeladrier.be\/wp-content\/uploads\/2018\/03\/icon-charpente.png 775w\" sizes=\"(max-width: 300px) 100vw, 300px\" \/><br>Charpente<a href=\"https:\/\/toituredeladrier.be\/index.php\/services\/charpente\/\">En savoir plus<\/a><\/div>\n<div class=\"services-item\"><img loading=\"lazy\" class=\"alignnone size-medium wp-image-446\" src=\"https:\/\/toituredeladrier.be\/wp-content\/uploads\/2018\/03\/icon-velux-300x223.png\" alt=\"\" width=\"300\" height=\"223\" srcset=\"https:\/\/toituredeladrier.be\/wp-content\/uploads\/2018\/03\/icon-velux-300x223.png 300w, https:\/\/toituredeladrier.be\/wp-content\/uploads\/2018\/03\/icon-velux-768x570.png 768w, https:\/\/toituredeladrier.be\/wp-content\/uploads\/2018\/03\/icon-velux.png 775w\" sizes=\"(max-width: 300px) 100vw, 300px\" \/><br>Fen\u00eatre de toit, Velux<a href=\"https:\/\/toituredeladrier.be\/index.php\/services\/fenetre-de-toit-velux\/\">En savoir plus<\/a><\/div>\n<div class=\"services-item\"><img loading=\"lazy\" class=\"alignnone size-medium wp-image-444\" src=\"https:\/\/toituredeladrier.be\/wp-content\/uploads\/2018\/03\/icon-nettoyage-300x223.png\" alt=\"\" width=\"300\" height=\"223\" srcset=\"https:\/\/toituredeladrier.be\/wp-content\/uploads\/2018\/03\/icon-nettoyage-300x223.png 300w, https:\/\/toituredeladrier.be\/wp-content\/uploads\/2018\/03\/icon-nettoyage-768x570.png 768w, https:\/\/toituredeladrier.be\/wp-content\/uploads\/2018\/03\/icon-nettoyage.png 775w\" sizes=\"(max-width: 300px) 100vw, 300px\" \/><br>Nettoyage et entretien de toiture<a href=\"https:\/\/toituredeladrier.be\/index.php\/services\/nettoyage-et-entretien-de-toiture\/\">En savoir plus<\/a><\/div>\n<div class=\"services-item\"><img loading=\"lazy\" class=\"alignnone size-medium wp-image-445\" src=\"https:\/\/toituredeladrier.be\/wp-content\/uploads\/2018\/03\/icon-zinguerie-300x223.png\" alt=\"\" width=\"300\" height=\"223\" srcset=\"https:\/\/toituredeladrier.be\/wp-content\/uploads\/2018\/03\/icon-zinguerie-300x223.png 300w, https:\/\/toituredeladrier.be\/wp-content\/uploads\/2018\/03\/icon-zinguerie-768x570.png 768w, https:\/\/toituredeladrier.be\/wp-content\/uploads\/2018\/03\/icon-zinguerie.png 775w\" sizes=\"(max-width: 300px) 100vw, 300px\" \/><br>Zinguerie<a href=\"https:\/\/toituredeladrier.be\/index.php\/services\/zinguerie\/\">En savoir plus<\/a><\/div><div class=\"services-item\"><img loading=\"lazy\" class=\"alignnone size-medium wp-image-445\" src=\"https:\/\/toituredeladrier.be\/wp-content\/uploads\/2017\/12\/toiture-1-e1604251348206.jpg\" alt=\"\" width=\"300\" height=\"223\"><br>Nos r\u00e9alisations<a href=\"https:\/\/toituredeladrier.be\/index.php\/nos-realisations\/\">En savoir plus<\/a><\/div>\n<\/div>\n<\/section>\n\n\n\n<section class=\"section-about\">\n<h2>Vous \u00eates \u00e0 la recherche d\u2019un entrepreneur en toiture ?<\/h2>\n<h3>Une entreprise s\u00e9rieuse pour qui la qualit\u00e9 est la priorit\u00e9 ?<br>Nous sommes \u00e0 votre service.<\/h3>\n<p>L\u2019entreprise Deladrier s\u2019occupe de votre toiture de A \u00e0 Z.<br>Une soci\u00e9t\u00e9 \u00e0 votre \u00e9coute tout au long de la r\u00e9alisation de votre chantier.<\/p>\n<div class=\"actions\"><a class=\"button\" href=\"https:\/\/toituredeladrier.be\/index.php\/a-propos-de\/\">En savoir plus <\/a><a class=\"button\" href=\"https:\/\/toituredeladrier.be\/index.php\/contact\/\">Demandez un devis gratuit<\/a><\/div>\n<\/section>\n","protected":false},"excerpt":{"rendered":"<p>La qualit\u00e9, notre priorit\u00e9 !15 ans de garantie Devis gratuit Nos Services CharpenteEn savoir plus Fen\u00eatre de toit, VeluxEn savoir plus Nettoyage et entretien de toitureEn savoir plus ZinguerieEn savoir plus Nos r\u00e9alisationsEn savoir plus Vous \u00eates \u00e0 la recherche d\u2019un entrepreneur en toiture ? Une entreprise s\u00e9rieuse pour qui la qualit\u00e9 est la priorit\u00e9 [&hellip;]<\/p>\n","protected":false},"author":1,"featured_media":0,"parent":0,"menu_order":0,"comment_status":"closed","ping_status":"closed","template":"page-templates\/template-service.php","meta":{"ngg_post_thumbnail":0},"_links":{"self":[{"href":"https:\/\/toituredeladrier.be\/index.php\/wp-json\/wp\/v2\/pages\/67"}],"collection":[{"href":"https:\/\/toituredeladrier.be\/index.php\/wp-json\/wp\/v2\/pages"}],"about":[{"href":"https:\/\/toituredeladrier.be\/index.php\/wp-json\/wp\/v2\/types\/page"}],"author":[{"embeddable":true,"href":"https:\/\/toituredeladrier.be\/index.php\/wp-json\/wp\/v2\/users\/1"}],"replies":[{"embeddable":true,"href":"https:\/\/toituredeladrier.be\/index.php\/wp-json\/wp\/v2\/comments?post=67"}],"version-history":[{"count":78,"href":"https:\/\/toituredeladrier.be\/index.php\/wp-json\/wp\/v2\/pages\/67\/revisions"}],"predecessor-version":[{"id":662,"href":"https:\/\/toituredeladrier.be\/index.php\/wp-json\/wp\/v2\/pages\/67\/revisions\/662"}],"wp:attachment":[{"href":"https:\/\/toituredeladrier.be\/index.php\/wp-json\/wp\/v2\/media?parent=67"}],"curies":[{"name":"wp","href":"https:\/\/api.w.org\/{rel}","templated":true}]}}