{"id":503,"date":"2020-11-02T18:03:28","date_gmt":"2020-11-02T17:03:28","guid":{"rendered":"https:\/\/toituredeladrier.be\/?page_id=503"},"modified":"2020-11-02T18:28:15","modified_gmt":"2020-11-02T17:28:15","slug":"tuiles","status":"publish","type":"page","link":"https:\/\/toituredeladrier.be\/index.php\/tuiles\/","title":{"rendered":"Tuiles"},"content":{"rendered":"\n<p>Vous d\u00e9sirez construire ou r\u00e9nover une toiture en tuiles ? <\/p>\n\n\n\n<p>Il convient de prendre en compte diff\u00e9rents\u00a0<strong>aspects techniques<\/strong>\u00a0afin d\u2019opter pour un mod\u00e8le plut\u00f4t qu\u2019un autre.<\/p>\n\n\n\n<div class=\"wp-block-image\"><figure class=\"alignright size-large is-resized\"><img loading=\"lazy\" src=\"https:\/\/toituredeladrier.be\/wp-content\/uploads\/2020\/10\/PHOTO-2020-01-31-09-17-54-14-e1603637831161.jpg\" alt=\"Tuiles\" class=\"wp-image-524\" width=\"275\" height=\"206\"\/><\/figure><\/div>\n\n\n\n<p>Nous vous proposons un large choix de tuiles : <\/p>\n\n\n\n<ul><li>Tuiles en terre cuite<\/li><li>Tuiles en b\u00e9ton<\/li><li>Tuiles en m\u00e9tal<\/li><li>Tuiles en bois<\/li><\/ul>\n\n\n\n<p><\/p>\n","protected":false},"excerpt":{"rendered":"<p>Vous d\u00e9sirez construire ou r\u00e9nover une toiture en tuiles ? Il convient de prendre en compte diff\u00e9rents\u00a0aspects techniques\u00a0afin d\u2019opter pour un mod\u00e8le plut\u00f4t qu\u2019un autre. Nous vous proposons un large choix de tuiles : Tuiles en terre cuite Tuiles en b\u00e9ton Tuiles en m\u00e9tal Tuiles en bois<\/p>\n","protected":false},"author":1,"featured_media":0,"parent":0,"menu_order":0,"comment_status":"closed","ping_status":"closed","template":"","meta":{"ngg_post_thumbnail":0},"_links":{"self":[{"href":"https:\/\/toituredeladrier.be\/index.php\/wp-json\/wp\/v2\/pages\/503"}],"collection":[{"href":"https:\/\/toituredeladrier.be\/index.php\/wp-json\/wp\/v2\/pages"}],"about":[{"href":"https:\/\/toituredeladrier.be\/index.php\/wp-json\/wp\/v2\/types\/page"}],"author":[{"embeddable":true,"href":"https:\/\/toituredeladrier.be\/index.php\/wp-json\/wp\/v2\/users\/1"}],"replies":[{"embeddable":true,"href":"https:\/\/toituredeladrier.be\/index.php\/wp-json\/wp\/v2\/comments?post=503"}],"version-history":[{"count":5,"href":"https:\/\/toituredeladrier.be\/index.php\/wp-json\/wp\/v2\/pages\/503\/revisions"}],"predecessor-version":[{"id":650,"href":"https:\/\/toituredeladrier.be\/index.php\/wp-json\/wp\/v2\/pages\/503\/revisions\/650"}],"wp:attachment":[{"href":"https:\/\/toituredeladrier.be\/index.php\/wp-json\/wp\/v2\/media?parent=503"}],"curies":[{"name":"wp","href":"https:\/\/api.w.org\/{rel}","templated":true}]}}