{"id":501,"date":"2020-10-31T17:35:26","date_gmt":"2020-10-31T16:35:26","guid":{"rendered":"https:\/\/toituredeladrier.be\/?page_id=501"},"modified":"2020-10-31T17:51:49","modified_gmt":"2020-10-31T16:51:49","slug":"ardoise","status":"publish","type":"page","link":"https:\/\/toituredeladrier.be\/index.php\/ardoise\/","title":{"rendered":"Ardoise"},"content":{"rendered":"\n<div class=\"wp-block-image is-style-default\"><figure class=\"alignright size-large is-resized\"><img loading=\"lazy\" src=\"https:\/\/toituredeladrier.be\/wp-content\/uploads\/2020\/10\/WhatsApp-Image-2020-10-26-at-22.39.06-6-1.jpeg\" alt=\"\" class=\"wp-image-538\" width=\"192\" height=\"256\" srcset=\"https:\/\/toituredeladrier.be\/wp-content\/uploads\/2020\/10\/WhatsApp-Image-2020-10-26-at-22.39.06-6-1.jpeg 768w, https:\/\/toituredeladrier.be\/wp-content\/uploads\/2020\/10\/WhatsApp-Image-2020-10-26-at-22.39.06-6-1-225x300.jpeg 225w\" sizes=\"(max-width: 192px) 100vw, 192px\" \/><\/figure><\/div>\n\n\n\n<p>Vous d\u00e9sirez construire ou r\u00e9nover votre toiture avec des <strong>ardoises de qualit\u00e9<\/strong>&nbsp;? Nous sommes \u00e0 votre service !<\/p>\n\n\n\n<p>Nous posons : <\/p>\n\n\n\n<ul><li>l\u2019ardoise au <strong>naturel<\/strong><\/li><li>l\u2019ardoise <strong>synth\u00e9tique<\/strong><\/li><\/ul>\n\n\n\n<p>Nous nous ferons un plaisir de vous d\u00e9crire les avantages et diff\u00e9rences entre ces 2 types d&rsquo;ardoise. <\/p>\n\n\n\n<p><\/p>\n","protected":false},"excerpt":{"rendered":"<p>Vous d\u00e9sirez construire ou r\u00e9nover votre toiture avec des ardoises de qualit\u00e9&nbsp;? Nous sommes \u00e0 votre service ! Nous posons : l\u2019ardoise au naturel l\u2019ardoise synth\u00e9tique Nous nous ferons un plaisir de vous d\u00e9crire les avantages et diff\u00e9rences entre ces 2 types d&rsquo;ardoise.<\/p>\n","protected":false},"author":1,"featured_media":0,"parent":0,"menu_order":0,"comment_status":"closed","ping_status":"closed","template":"","meta":{"ngg_post_thumbnail":0},"_links":{"self":[{"href":"https:\/\/toituredeladrier.be\/index.php\/wp-json\/wp\/v2\/pages\/501"}],"collection":[{"href":"https:\/\/toituredeladrier.be\/index.php\/wp-json\/wp\/v2\/pages"}],"about":[{"href":"https:\/\/toituredeladrier.be\/index.php\/wp-json\/wp\/v2\/types\/page"}],"author":[{"embeddable":true,"href":"https:\/\/toituredeladrier.be\/index.php\/wp-json\/wp\/v2\/users\/1"}],"replies":[{"embeddable":true,"href":"https:\/\/toituredeladrier.be\/index.php\/wp-json\/wp\/v2\/comments?post=501"}],"version-history":[{"count":13,"href":"https:\/\/toituredeladrier.be\/index.php\/wp-json\/wp\/v2\/pages\/501\/revisions"}],"predecessor-version":[{"id":546,"href":"https:\/\/toituredeladrier.be\/index.php\/wp-json\/wp\/v2\/pages\/501\/revisions\/546"}],"wp:attachment":[{"href":"https:\/\/toituredeladrier.be\/index.php\/wp-json\/wp\/v2\/media?parent=501"}],"curies":[{"name":"wp","href":"https:\/\/api.w.org\/{rel}","templated":true}]}}