{"id":312,"date":"2018-02-01T22:10:33","date_gmt":"2018-02-01T21:10:33","guid":{"rendered":"https:\/\/toituredeladrier.be\/?page_id=312"},"modified":"2020-11-02T18:37:55","modified_gmt":"2020-11-02T17:37:55","slug":"charpente","status":"publish","type":"page","link":"https:\/\/toituredeladrier.be\/index.php\/services\/charpente\/","title":{"rendered":"Charpente"},"content":{"rendered":"<p>Votre charpente est <strong>indispensable<\/strong> dans le processus de cr\u00e9ation de votre toiture.<\/p>\n<p>Elle doit \u00eatre r\u00e9alis\u00e9e dans les <strong>r\u00e8gles de l\u2019art<\/strong> afin de vous garantir des <strong>fondations solides et durables<\/strong>&nbsp;pour votre toit.<\/p>\n<p>Apres analyse, votre charpente ne doit pas \u00eatre n\u00e9cessairement remplac\u00e9e lors de la r\u00e9novation de votre toiture. Nous appliquons \u00e9galement un produit pr\u00e9ventif et curatif.<\/p>\n<p>Notre \u00e9quipe vous aide dans la r\u00e9alisation de vos travaux de <strong>charpente traditionnelle sur-mesure,<\/strong> maitrisant les diff\u00e9rents types de bois comme <strong>sapin, pin, douglas, \u00e9pic\u00e9a, m\u00e9l\u00e8ze.<\/strong><\/p>\n<p>Nos r\u00e9alisations sont des plus diverses et l&rsquo;exp\u00e9rience acquise nous permet d&rsquo;intervenir dans <strong>tous les domaines de la CHARPENTE \/ TOITURE.<\/strong><\/p>\n","protected":false},"excerpt":{"rendered":"<p>Votre charpente est indispensable dans le processus de cr\u00e9ation de votre toiture. Elle doit \u00eatre r\u00e9alis\u00e9e dans les r\u00e8gles de l\u2019art afin de vous garantir des fondations solides et durables&nbsp;pour votre toit. Apres analyse, votre charpente ne doit pas \u00eatre n\u00e9cessairement remplac\u00e9e lors de la r\u00e9novation de votre toiture. Nous appliquons \u00e9galement un produit pr\u00e9ventif [&hellip;]<\/p>\n","protected":false},"author":1,"featured_media":450,"parent":229,"menu_order":0,"comment_status":"closed","ping_status":"closed","template":"page-templates\/template-service.php","meta":{"ngg_post_thumbnail":0},"_links":{"self":[{"href":"https:\/\/toituredeladrier.be\/index.php\/wp-json\/wp\/v2\/pages\/312"}],"collection":[{"href":"https:\/\/toituredeladrier.be\/index.php\/wp-json\/wp\/v2\/pages"}],"about":[{"href":"https:\/\/toituredeladrier.be\/index.php\/wp-json\/wp\/v2\/types\/page"}],"author":[{"embeddable":true,"href":"https:\/\/toituredeladrier.be\/index.php\/wp-json\/wp\/v2\/users\/1"}],"replies":[{"embeddable":true,"href":"https:\/\/toituredeladrier.be\/index.php\/wp-json\/wp\/v2\/comments?post=312"}],"version-history":[{"count":4,"href":"https:\/\/toituredeladrier.be\/index.php\/wp-json\/wp\/v2\/pages\/312\/revisions"}],"predecessor-version":[{"id":576,"href":"https:\/\/toituredeladrier.be\/index.php\/wp-json\/wp\/v2\/pages\/312\/revisions\/576"}],"up":[{"embeddable":true,"href":"https:\/\/toituredeladrier.be\/index.php\/wp-json\/wp\/v2\/pages\/229"}],"wp:featuredmedia":[{"embeddable":true,"href":"https:\/\/toituredeladrier.be\/index.php\/wp-json\/wp\/v2\/media\/450"}],"wp:attachment":[{"href":"https:\/\/toituredeladrier.be\/index.php\/wp-json\/wp\/v2\/media?parent=312"}],"curies":[{"name":"wp","href":"https:\/\/api.w.org\/{rel}","templated":true}]}}