{"id":310,"date":"2018-02-01T22:11:35","date_gmt":"2018-02-01T21:11:35","guid":{"rendered":"https:\/\/toituredeladrier.be\/?page_id=310"},"modified":"2020-11-02T18:37:04","modified_gmt":"2020-11-02T17:37:04","slug":"fenetre-de-toit-velux","status":"publish","type":"page","link":"https:\/\/toituredeladrier.be\/index.php\/services\/fenetre-de-toit-velux\/","title":{"rendered":"Fen\u00eatre de toit, Velux"},"content":{"rendered":"<p>Votre \u00e9tage est sombre et vous aimeriez plus de luminosit\u00e9 ? Avez-vous pensez \u00e0 l\u2019installation d\u2019une fen\u00eatre de toit tel qu\u2019un VELUX\u00ae ?<\/p>\n<p>Deladrier Toiture vous propose la pose d\u2019un VELUX\u00ae qui a pour avantages de s\u2019adapter \u00e0 toutes les dimensions et dispose de garanties reconnues tant au niveau de l\u2019isolation sonores avec l\u2019ext\u00e9rieures que pour l\u2019isolation thermique aux performances \u00e9lev\u00e9es.<\/p>\n<p>N\u2019h\u00e9sitez pas \u00e0 nous contacter, nous saurons vous conseiller pour  l\u2019agencement et mod\u00e8les de vos fen\u00eatres de toit.<\/p>\n","protected":false},"excerpt":{"rendered":"<p>Votre \u00e9tage est sombre et vous aimeriez plus de luminosit\u00e9 ? Avez-vous pensez \u00e0 l\u2019installation d\u2019une fen\u00eatre de toit tel qu\u2019un VELUX\u00ae ? Deladrier Toiture vous propose la pose d\u2019un VELUX\u00ae qui a pour avantages de s\u2019adapter \u00e0 toutes les dimensions et dispose de garanties reconnues tant au niveau de l\u2019isolation sonores avec l\u2019ext\u00e9rieures que [&hellip;]<\/p>\n","protected":false},"author":1,"featured_media":449,"parent":229,"menu_order":0,"comment_status":"closed","ping_status":"closed","template":"page-templates\/template-service.php","meta":{"ngg_post_thumbnail":0},"_links":{"self":[{"href":"https:\/\/toituredeladrier.be\/index.php\/wp-json\/wp\/v2\/pages\/310"}],"collection":[{"href":"https:\/\/toituredeladrier.be\/index.php\/wp-json\/wp\/v2\/pages"}],"about":[{"href":"https:\/\/toituredeladrier.be\/index.php\/wp-json\/wp\/v2\/types\/page"}],"author":[{"embeddable":true,"href":"https:\/\/toituredeladrier.be\/index.php\/wp-json\/wp\/v2\/users\/1"}],"replies":[{"embeddable":true,"href":"https:\/\/toituredeladrier.be\/index.php\/wp-json\/wp\/v2\/comments?post=310"}],"version-history":[{"count":3,"href":"https:\/\/toituredeladrier.be\/index.php\/wp-json\/wp\/v2\/pages\/310\/revisions"}],"predecessor-version":[{"id":505,"href":"https:\/\/toituredeladrier.be\/index.php\/wp-json\/wp\/v2\/pages\/310\/revisions\/505"}],"up":[{"embeddable":true,"href":"https:\/\/toituredeladrier.be\/index.php\/wp-json\/wp\/v2\/pages\/229"}],"wp:featuredmedia":[{"embeddable":true,"href":"https:\/\/toituredeladrier.be\/index.php\/wp-json\/wp\/v2\/media\/449"}],"wp:attachment":[{"href":"https:\/\/toituredeladrier.be\/index.php\/wp-json\/wp\/v2\/media?parent=310"}],"curies":[{"name":"wp","href":"https:\/\/api.w.org\/{rel}","templated":true}]}}