{"id":305,"date":"2018-02-01T22:13:04","date_gmt":"2018-02-01T21:13:04","guid":{"rendered":"https:\/\/toituredeladrier.be\/?page_id=305"},"modified":"2020-11-02T18:44:57","modified_gmt":"2020-11-02T17:44:57","slug":"zinguerie","status":"publish","type":"page","link":"https:\/\/toituredeladrier.be\/index.php\/services\/zinguerie\/","title":{"rendered":"Zinguerie"},"content":{"rendered":"<p>La zinguerie \u00e0 un r\u00f4le primordiale afin d\u2019assurer la long\u00e9vit\u00e9 de votre toit.<\/p>\n<p>Notre \u00e9quipe intervient pour la pose des goutti\u00e8res ou des ch\u00e9neaux, des descentes d&rsquo;eau pluviales et d&rsquo;une mani\u00e8re g\u00e9n\u00e9rale participe \u00e0 l&rsquo;\u00e9tanch\u00e9it\u00e9 \u00e0 l&rsquo;eau des toitures, en mettant en \u0153uvre les raccordements entre les mat\u00e9riaux de couverture et les diff\u00e9rents \u00ab accidents de toitures \u00bb : abergement de chemin\u00e9es, raccords avec les fen\u00eatres de toiture, gaines d&rsquo;a\u00e9ration, couloirs, solin, noues,\u2026<\/p>\n<p>Nous utilisons principalement des t\u00f4les de diff\u00e9rentes natures (cuivre, zinc, ect..).<\/p>\n<p>Nous les fa\u00e7onnons aux dimensions et formes voulues, et les pose par soudure.<\/p>\n<p>L\u2019entreprise Deladrier Toiture r\u00e9alise \u00e9galement vos travaux pour :<br \/>\nJoint debout -Corniches \u2013 Goutti\u00e8res \u2013 Ch\u00e9neaux \u2013 Contours de chemin\u00e9e \u2013 Noues &#8211; ect<\/p>\n","protected":false},"excerpt":{"rendered":"<p>La zinguerie \u00e0 un r\u00f4le primordiale afin d\u2019assurer la long\u00e9vit\u00e9 de votre toit. Notre \u00e9quipe intervient pour la pose des goutti\u00e8res ou des ch\u00e9neaux, des descentes d&rsquo;eau pluviales et d&rsquo;une mani\u00e8re g\u00e9n\u00e9rale participe \u00e0 l&rsquo;\u00e9tanch\u00e9it\u00e9 \u00e0 l&rsquo;eau des toitures, en mettant en \u0153uvre les raccordements entre les mat\u00e9riaux de couverture et les diff\u00e9rents \u00ab accidents [&hellip;]<\/p>\n","protected":false},"author":1,"featured_media":448,"parent":229,"menu_order":0,"comment_status":"closed","ping_status":"closed","template":"page-templates\/template-service.php","meta":{"ngg_post_thumbnail":0},"_links":{"self":[{"href":"https:\/\/toituredeladrier.be\/index.php\/wp-json\/wp\/v2\/pages\/305"}],"collection":[{"href":"https:\/\/toituredeladrier.be\/index.php\/wp-json\/wp\/v2\/pages"}],"about":[{"href":"https:\/\/toituredeladrier.be\/index.php\/wp-json\/wp\/v2\/types\/page"}],"author":[{"embeddable":true,"href":"https:\/\/toituredeladrier.be\/index.php\/wp-json\/wp\/v2\/users\/1"}],"replies":[{"embeddable":true,"href":"https:\/\/toituredeladrier.be\/index.php\/wp-json\/wp\/v2\/comments?post=305"}],"version-history":[{"count":5,"href":"https:\/\/toituredeladrier.be\/index.php\/wp-json\/wp\/v2\/pages\/305\/revisions"}],"predecessor-version":[{"id":657,"href":"https:\/\/toituredeladrier.be\/index.php\/wp-json\/wp\/v2\/pages\/305\/revisions\/657"}],"up":[{"embeddable":true,"href":"https:\/\/toituredeladrier.be\/index.php\/wp-json\/wp\/v2\/pages\/229"}],"wp:featuredmedia":[{"embeddable":true,"href":"https:\/\/toituredeladrier.be\/index.php\/wp-json\/wp\/v2\/media\/448"}],"wp:attachment":[{"href":"https:\/\/toituredeladrier.be\/index.php\/wp-json\/wp\/v2\/media?parent=305"}],"curies":[{"name":"wp","href":"https:\/\/api.w.org\/{rel}","templated":true}]}}