{"id":18,"date":"2017-05-03T15:05:05","date_gmt":"2017-05-03T13:05:05","guid":{"rendered":"http:\/\/toituredeladrier.be\/?page_id=18"},"modified":"2020-11-01T19:18:56","modified_gmt":"2020-11-01T18:18:56","slug":"a-propos-de","status":"publish","type":"page","link":"https:\/\/toituredeladrier.be\/index.php\/a-propos-de\/","title":{"rendered":"\u00c0 propos de"},"content":{"rendered":"<p>Nous proposons des produits et des services de qualit\u00e9.<br \/>\nToujours \u00e0 l\u2019\u00e9coute, notre \u00e9quipe est pr\u00eate \u00e0 intervenir pour tous types de r\u00e9novation et cela, dans les plus brefs d\u00e9lais.<br \/>\nLe choix des mat\u00e9riaux combin\u00e9 \u00e0 une solide exp\u00e9rience et expertise du m\u00e9tier vous assure une qualit\u00e9 de travail pour la plus grande satisfaction de nos clients.<br \/>\nNous nous d\u00e9pla\u00e7ons et intervenons rapidement dans Bruxelles et ses environs.<br \/>\nN\u2019attendez plus, demandez votre devis gratuit!<\/p>\n<p><!--more-->Nous viendrons vous rencontrer et \u00e9tudierons avec vous ce qui convient le mieux et nous vous ferons une offre sur mesure. Nos devis sont toujours adapt\u00e9s \u00e0 vos besoins.<\/p>\n<p><strong>De plus, vous b\u00e9n\u00e9ficierez de 15 ans de garantie<\/strong>.<\/p>\n<p>Patron sur chantier.<!--more--><\/p>\n","protected":false},"excerpt":{"rendered":"<p>Nous proposons des produits et des services de qualit\u00e9. Toujours \u00e0 l\u2019\u00e9coute, notre \u00e9quipe est pr\u00eate \u00e0 intervenir pour tous types de r\u00e9novation et cela, dans les plus brefs d\u00e9lais. Le choix des mat\u00e9riaux combin\u00e9 \u00e0 une solide exp\u00e9rience et expertise du m\u00e9tier vous assure une qualit\u00e9 de travail pour la plus grande satisfaction de [&hellip;]<\/p>\n","protected":false},"author":1,"featured_media":0,"parent":0,"menu_order":0,"comment_status":"closed","ping_status":"closed","template":"page-templates\/full-width.php","meta":{"ngg_post_thumbnail":0},"_links":{"self":[{"href":"https:\/\/toituredeladrier.be\/index.php\/wp-json\/wp\/v2\/pages\/18"}],"collection":[{"href":"https:\/\/toituredeladrier.be\/index.php\/wp-json\/wp\/v2\/pages"}],"about":[{"href":"https:\/\/toituredeladrier.be\/index.php\/wp-json\/wp\/v2\/types\/page"}],"author":[{"embeddable":true,"href":"https:\/\/toituredeladrier.be\/index.php\/wp-json\/wp\/v2\/users\/1"}],"replies":[{"embeddable":true,"href":"https:\/\/toituredeladrier.be\/index.php\/wp-json\/wp\/v2\/comments?post=18"}],"version-history":[{"count":3,"href":"https:\/\/toituredeladrier.be\/index.php\/wp-json\/wp\/v2\/pages\/18\/revisions"}],"predecessor-version":[{"id":644,"href":"https:\/\/toituredeladrier.be\/index.php\/wp-json\/wp\/v2\/pages\/18\/revisions\/644"}],"wp:attachment":[{"href":"https:\/\/toituredeladrier.be\/index.php\/wp-json\/wp\/v2\/media?parent=18"}],"curies":[{"name":"wp","href":"https:\/\/api.w.org\/{rel}","templated":true}]}}